{"id":614,"date":"2022-07-07T15:46:23","date_gmt":"2022-07-07T15:46:23","guid":{"rendered":"http:\/\/freetouroporto.eu\/?page_id=614"},"modified":"2026-04-25T10:47:59","modified_gmt":"2026-04-25T09:47:59","slug":"reservas","status":"publish","type":"page","link":"https:\/\/guiaoporto.es\/?page_id=614","title":{"rendered":"Reservas"},"content":{"rendered":"<p style=\"text-align: left;\">[vc_section full_width=\u00bbstretch_row\u00bb pix_over_visibility=\u00bb\u00bb css=\u00bb.vc_custom_1657209270878{padding-top: 60px !important;}\u00bb el_id=\u00bbpix_section_features\u00bb fade_in_intro=\u00bb386&#8243;][vc_row full_width=\u00bbstretch_row\u00bb pix_dark_mode=\u00bbyes\u00bb pix_particles_check=\u00bb\u00bb][vc_column content_align=\u00bbtext-center\u00bb]<div  class=\"pix-heading-el text-center  vc_custom_1655603327559\"><div class=\"d-inline-block\" style=\"max-width:800px;\"><div><div class=\"slide-in-container\"><h2 class=\"text-heading-default font-weight-bold display-3 animate-in heading-text el-title_custom_color mb-12\" style=\"\" data-anim-type=\"fade-in-up\" data-anim-delay=\"100\">Reserva un TOUR.<\/h2><\/div><\/div><\/div><\/div>[\/vc_column][\/vc_row][vc_row full_width=\u00bbstretch_row\u00bb b_flip_h=\u00bbtrue\u00bb pix_particles_check=\u00bb\u00bb css=\u00bb.vc_custom_1655603135745{padding-bottom: 20px !important;}\u00bb][vc_column width=\u00bb1\/4&#8243; css=\u00bb.vc_custom_1645995150423{margin-bottom: 30px !important;}\u00bb]<div class=\"pix-content-box card      vc_custom_1644456932785    rounded-10 fly-sm animate-in bg- w-100  \"  data-anim-type=\"pix-3d-down-in\" data-anim-delay=\"200\"><div class=\"scene scene-over\"><\/div><div class=\"\" style=\"z-index:30;position:relative;\"><div id=\"1635805820072-d9dedfee-f0c6\" class=\"pix-feature-el text-center  vc_custom_1738753148040\"><h4 class=\"font-weight-bold   text-heading-default \" style=\"padding-top:30px;\"  >Free Tour Oporto: Historia, Cultura, Vida Local<\/h4><div class=\"text-body-default text-18     \" style=\"padding-top:10px;\"  >Disponible el viernes del trabajador (1 de mayo) por la ma\u00f1ana y por la tarde a las 10h y a las 16.30h. Tambi\u00e9n disponible el pr\u00f3ximo 11 de mayo a las 10h.<\/div><\/div><\/div><\/div>[\/vc_column][vc_column width=\u00bb1\/4&#8243; css=\u00bb.vc_custom_1645995156598{margin-bottom: 30px !important;}\u00bb]<div class=\"pix-content-box card      vc_custom_1644456932785    rounded-10 fly-sm animate-in bg- w-100  \"  data-anim-type=\"pix-3d-down-in\" data-anim-delay=\"200\"><div class=\"scene scene-over\"><\/div><div class=\"\" style=\"z-index:30;position:relative;\"><div id=\"1658282128616-50506105-8544\" class=\"pix-feature-el text-center  vc_custom_1738753557609\"><h4 class=\"font-weight-bold   text-heading-default \" style=\"padding-top:30px;\"  >Tour Oporto Desconocido<\/h4><div class=\"text-body-default text-18     \" style=\"padding-top:10px;\"  >Descubre otra visi\u00f3n de Oporto.\r\nDisfruta de un recorrido alternativo. Consultar disponibilidad<\/div><\/div><\/div><\/div>[\/vc_column][vc_column width=\u00bb1\/4&#8243;]<div class=\"pix-content-box card      vc_custom_1644456932785    rounded-10 fly-sm animate-in bg- w-100  \"  data-anim-type=\"pix-3d-down-in\" data-anim-delay=\"200\"><div class=\"scene scene-over\"><\/div><div class=\"\" style=\"z-index:30;position:relative;\"><div id=\"1679712977282-c6084319-f737\" class=\"pix-feature-el text-center  vc_custom_1738753507760\"><h4 class=\"font-weight-bold   text-heading-default \" style=\"padding-top:30px;\"  >Tour Vinos, Tapas y Bodega.<\/h4><div class=\"text-body-default text-18     \" style=\"padding-top:10px;\"  >Disfruta del mejor tour de vinos de la ciudad.\r\nConsultar Disponibilidad<\/div><\/div><\/div><\/div>[\/vc_column][vc_column width=\u00bb1\/4&#8243;]<div class=\"pix-content-box card      vc_custom_1644456940846    rounded-10 fly-sm animate-in bg- w-100  \"  data-anim-type=\"pix-3d-down-in\" data-anim-delay=\"400\"><div class=\"scene scene-over\"><\/div><div class=\"\" style=\"z-index:30;position:relative;\"><a href=\"mailto:mikebv909@gmail.com\" target=\"_blank\"><div id=\"1635805783246-89d17852-73af\" class=\"pix-feature-el text-center  vc_custom_1696863032694\"><h4 class=\"font-weight-bold   text-heading-default \" style=\"padding-top:30px;\"  >Tour Privado<\/h4><div class=\"text-body-default text-18     \" style=\"padding-top:10px;\"  >Tours privados en Santiago de Compostela, Oporto y Lisboa. Tambi\u00e9n en otras ciudades de Galicia y Portugal.<\/div><\/div><\/a><span  class=\"btn mb-2     btn-line-primary d-inline-block     btn-rounded pix-popup-link btn-sm\"     data-popup-link=\"https:\/\/guiaoporto.es\/wp-admin\/admin-ajax.php?action=pix_popup_content&id=624&nonce=606c606083\" data-popup-id=\"624\"><i class=\"font-weight-bold pixicon-speaking   mr-1\"><\/i> <span class=\"font-weight-bold \" >Solicita Tour Privado<\/span><\/span><\/div><\/div>[\/vc_column][\/vc_row][\/vc_section][vc_section full_width=\u00bbstretch_row\u00bb pix_over_visibility=\u00bb\u00bb pix_visibility=\u00bb1&#8243; css=\u00bb.vc_custom_1635821580104{padding-top: 60px !important;padding-bottom: 80px !important;}\u00bb b_custom_height=\u00bb100px\u00bb][vc_row pix_particles_check=\u00bb\u00bb][vc_column width=\u00bb1\/4&#8243;][vc_column_text]<\/p>\r\n<p style=\"text-align: right;\"><iframe loading=\"lazy\" style=\"padding: 0!important; margin: 0!important; border: none!important; background: transparent!important;\" src=\"https:\/\/dayspedia.com\/if\/digit\/?v=1&amp;iframe=eyJ3LTEyIjpmYWxzZSwidy0xMSI6dHJ1ZSwidy0xMyI6ZmFsc2UsInctMTQiOmZhbHNlLCJ3LTE1IjpmYWxzZSwidy0xMTAiOmZhbHNlLCJ3LXdpZHRoLTAiOnRydWUsInctd2lkdGgtMSI6ZmFsc2UsInctd2lkdGgtMiI6ZmFsc2UsInctMTYiOiIyNHB4Iiwidy0xOSI6IjMyIiwidy0xNyI6IjEyIiwidy0yMSI6dHJ1ZSwiYmdpbWFnZSI6MiwiYmdpbWFnZVNldCI6dHJ1ZSwidy0yMWMwIjoiI2ZmZmZmZiIsInctMCI6dHJ1ZSwidy0zIjpmYWxzZSwidy0zYzAiOiIjMzQzNDM0Iiwidy0zYjAiOiIxIiwidy02IjoiIzM0MzQzNCIsInctMjAiOnRydWUsInctNCI6IiMwMDdkYmYiLCJ3LTE4IjpmYWxzZSwidy13aWR0aC0yYy0wIjoiMzAwIiwidy0xMTUiOnRydWV9&amp;lang=es&amp;cityid=6730\" width=\"175\" height=\"128\" frameborder=\"0\" marginwidth=\"0\" marginheight=\"0\" scrolling=\"no\"><\/iframe><\/p>\r\n[\/vc_column_text][\/vc_column][vc_column width=\u00bb1\/2&#8243;]<div class=\"text-center \"><div class=\"slide-in-container w-100 pix-slogan-text\"><h6 data-anim-type=\"slide-in-up\" class=\" font-weight-bold text-primary animate-in\" >Utilice nuestro sencillo sistema de reservas<\/h6><\/div><div><h1 class=\"pix-headline my-3  slide-inverse text-heading-default font-weight-bold  \" style=\"\"><span> <\/span><span class=\"pix-words-wrapper\"><span class=\"is-visible \" style=\"color:#dd0000;\">FREE TOUR<\/span> <span class=\"\" style=\"color:#0400ff;\">Oporto Desconocido<\/span> <span class=\"text-orange\" >Vinos, Tapas y Bodega<\/span> <span class=\"\" >Realice su reserva<\/span> <span class=\"text-gradient-primary\" >AHORA<\/span> <\/span><span><\/span><\/h1><\/div><\/div>[\/vc_column][vc_column width=\u00bb1\/4&#8243;][vc_column_text]<iframe loading=\"lazy\" style=\"padding: 0!important; margin: 0!important; border: none!important; background: transparent!important;\" src=\"https:\/\/dayspedia.com\/if\/digit\/?v=1&amp;iframe=eyJ3LTEyIjpmYWxzZSwidy0xMSI6dHJ1ZSwidy0xMyI6ZmFsc2UsInctMTQiOmZhbHNlLCJ3LTE1IjpmYWxzZSwidy0xMTAiOmZhbHNlLCJ3LXdpZHRoLTAiOnRydWUsInctd2lkdGgtMSI6ZmFsc2UsInctd2lkdGgtMiI6ZmFsc2UsInctMTYiOiIyNHB4Iiwidy0xOSI6IjMyIiwidy0xNyI6IjEyIiwidy0yMSI6dHJ1ZSwiYmdpbWFnZSI6NywiYmdpbWFnZVNldCI6dHJ1ZSwidy0yMWMwIjoiI2ZmZmZmZiIsInctMCI6dHJ1ZSwidy0zIjpmYWxzZSwidy0zYzAiOiIjMzQzNDM0Iiwidy0zYjAiOiIxIiwidy02IjoiIzM0MzQzNCIsInctMjAiOnRydWUsInctNCI6IiMwMDdkYmYiLCJ3LTE4IjpmYWxzZSwidy13aWR0aC0yYy0wIjoiMzAwIiwidy0xMTUiOmZhbHNlfQ==&amp;lang=es&amp;cityid=6730\" width=\"175\" height=\"113\" frameborder=\"0\" marginwidth=\"0\" marginheight=\"0\" scrolling=\"no\"><\/iframe>[\/vc_column_text][\/vc_column][\/vc_row][vc_row pix_particles_check=\u00bb\u00bb][vc_column][vc_column_text]<!--\nPlugin Name: Bookly - Responsive WordPress Appointment Booking and Scheduling Plugin\nPlugin URI: https:\/\/www.booking-wp-plugin.com\/?utm_source=bookly_admin&utm_medium=plugins_page&utm_campaign=plugins_page\nVersion: 25.6-->\n<style type=\"text\/css\">\n    :root {\n        --bookly-main-color: #f4662f !important;\n        --bookly-color: #f4662f !important;\n    }\n\n    <\/style><div class=\"bookly-css-root\">\n    <div id=\"bookly-form-6a01fe2883d7c\" class=\"bookly-form\" data-form_id=\"6a01fe2883d7c\" aria-live=\"polite\">\n        <div style=\"text-align: center\"><img decoding=\"async\" src=\"https:\/\/guiaoporto.es\/wp-includes\/js\/tinymce\/skins\/lightgray\/img\/loader.gif\" alt=\"Cargando ...\"\/><\/div>\n    <\/div>\n<\/div>\n<script type=\"text\/javascript\">\n    (function (win, fn) {\n        var done = false, top = true,\n            doc = win.document,\n            root = doc.documentElement,\n            modern = doc.addEventListener,\n            add = modern ? 'addEventListener' : 'attachEvent',\n            rem = modern ? 'removeEventListener' : 'detachEvent',\n            pre = modern ? '' : 'on',\n            init = function (e) {\n                if (e.type == 'readystatechange') if (doc.readyState != 'complete') return;\n                (e.type == 'load' ? win : doc)[rem](pre + e.type, init, false);\n                if (!done) {\n                    done = true;\n                    fn.call(win, e.type || e);\n                }\n            },\n            poll = function () {\n                try {\n                    root.doScroll('left');\n                } catch (e) {\n                    setTimeout(poll, 50);\n                    return;\n                }\n                init('poll');\n            };\n        if (doc.readyState == 'complete') fn.call(win, 'lazy');\n        else {\n            if (!modern) if (root.doScroll) {\n                try {\n                    top = !win.frameElement;\n                } catch (e) {\n                }\n                if (top) poll();\n            }\n            doc[add](pre + 'DOMContentLoaded', init, false);\n            doc[add](pre + 'readystatechange', init, false);\n            win[add](pre + 'load', init, false);\n        }\n    })(window, function () {\n        window.bookly( {\"form_id\":\"6a01fe2883d7c\",\"status\":{\"booking\":\"new\"},\"skip_steps\":{\"service_part1\":0,\"service_part2\":0,\"extras\":1,\"time\":0,\"repeat\":1,\"cart\":1},\"errors\":{\"session_error\":\"Error de sesi\\u00f3n.\",\"form_id_error\":\"Error Identificaci\\u00f3n formulario.\",\"cart_item_not_available\":\"La hora seleccionada ya no est\\u00e1 disponible. Por favor elije otra ranura de hora.\",\"pay_locally_not_available\":\"Pagu\\u00e9 no est\\u00e1 disponible.\",\"invalid_gateway\":\"Puerta de enlace no es v\\u00e1lido.\",\"payment_error\":\" Error.\",\"incorrect_username_password\":\"Nombre de usuario o contrase\\u00f1a incorrectos.\"},\"form_attributes\":{\"hide_categories\":false,\"hide_services\":false,\"hide_staff_members\":false,\"show_number_of_persons\":true,\"hide_service_duration\":true,\"hide_locations\":true,\"hide_quantity\":true,\"hide_date\":false,\"hide_week_days\":false,\"hide_time_range\":false},\"use_client_time_zone\":0,\"defaults\":{\"service_id\":0,\"staff_id\":0,\"location_id\":0,\"category_id\":2},\"datepicker_mode\":\"text-accent\",\"facebook\":{\"enabled\":0,\"appId\":\"\"}} );\n    });\n<\/script>[\/vc_column_text][\/vc_column][\/vc_row][vc_row pix_particles_check=\u00bb\u00bb][vc_column width=\u00bb1\/3&#8243;][\/vc_column][vc_column width=\u00bb1\/3&#8243;]<div id=\"el1659107811589-e7ce1b0d-6cc9\" class=\"pix-el-text   w-100  \" ><p class=\"\"><figure><center><img loading=\"lazy\" decoding=\"async\" class=\"alignnone wp-image-853\" src=\"https:\/\/guiaoporto.es\/wp-content\/uploads\/2022\/07\/white_umbrella-icon_200x209_SinFondo.png\" alt=\"Paraguas Blanco Oporto con Miguel\" width=\"101\" height=\"106\" \/><\/center><figcaption><strong>OPORTO CON MIGUEL<\/strong><\/figcaption><figcaption><strong>BUSCA EL PARAGUAS BLANCO <\/strong><\/figcaption><\/figure>\n<\/p><\/div>[\/vc_column][vc_column width=\u00bb1\/3&#8243;][\/vc_column][\/vc_row][\/vc_section]","protected":false},"excerpt":{"rendered":"[vc_section full_width=\u00bbstretch_row\u00bb pix_over_visibility=\u00bb\u00bb css=\u00bb.vc_custom_1657209270878{padding-top: 60px !important;}\u00bb el_id=\u00bbpix_section_features\u00bb fade_in_intro=\u00bb386&#8243;][vc_row full_width=\u00bbstretch_row\u00bb pix_dark_mode=\u00bbyes\u00bb pix_particles_check=\u00bb\u00bb][vc_column content_align=\u00bbtext-center\u00bb][\/vc_column][\/vc_row][vc_row full_width=\u00bbstretch_row\u00bb b_flip_h=\u00bbtrue\u00bb pix_particles_check=\u00bb\u00bb css=\u00bb.vc_custom_1655603135745{padding-bottom: 20px !important;}\u00bb][vc_column width=\u00bb1\/4&#8243; css=\u00bb.vc_custom_1645995150423{margin-bottom: 30px !important;}\u00bb][\/vc_column][vc_column width=\u00bb1\/4&#8243; css=\u00bb.vc_custom_1645995156598{margin-bottom: 30px !important;}\u00bb][\/vc_column][vc_column width=\u00bb1\/4&#8243;][\/vc_column][vc_column width=\u00bb1\/4&#8243;][\/vc_column][\/vc_row][\/vc_section][vc_section full_width=\u00bbstretch_row\u00bb pix_over_visibility=\u00bb\u00bb pix_visibility=\u00bb1&#8243; css=\u00bb.vc_custom_1635821580104{padding-top: 60px !important;padding-bottom: 80px !important;}\u00bb b_custom_height=\u00bb100px\u00bb][vc_row pix_particles_check=\u00bb\u00bb][vc_column width=\u00bb1\/4&#8243;][vc_column_text] [\/vc_column_text][\/vc_column][vc_column&#8230;","protected":false},"author":3,"featured_media":0,"parent":0,"menu_order":0,"comment_status":"closed","ping_status":"closed","template":"","meta":{"footnotes":""},"class_list":["post-614","page","type-page","status-publish","hentry"],"_links":{"self":[{"href":"https:\/\/guiaoporto.es\/index.php?rest_route=\/wp\/v2\/pages\/614","targetHints":{"allow":["GET"]}}],"collection":[{"href":"https:\/\/guiaoporto.es\/index.php?rest_route=\/wp\/v2\/pages"}],"about":[{"href":"https:\/\/guiaoporto.es\/index.php?rest_route=\/wp\/v2\/types\/page"}],"author":[{"embeddable":true,"href":"https:\/\/guiaoporto.es\/index.php?rest_route=\/wp\/v2\/users\/3"}],"replies":[{"embeddable":true,"href":"https:\/\/guiaoporto.es\/index.php?rest_route=%2Fwp%2Fv2%2Fcomments&post=614"}],"version-history":[{"count":47,"href":"https:\/\/guiaoporto.es\/index.php?rest_route=\/wp\/v2\/pages\/614\/revisions"}],"predecessor-version":[{"id":3197,"href":"https:\/\/guiaoporto.es\/index.php?rest_route=\/wp\/v2\/pages\/614\/revisions\/3197"}],"wp:attachment":[{"href":"https:\/\/guiaoporto.es\/index.php?rest_route=%2Fwp%2Fv2%2Fmedia&parent=614"}],"curies":[{"name":"wp","href":"https:\/\/api.w.org\/{rel}","templated":true}]}}